{"id":110,"date":"2025-07-14T16:15:45","date_gmt":"2025-07-14T14:15:45","guid":{"rendered":"https:\/\/artecasa.betteroption.eu\/?page_id=110"},"modified":"2025-07-21T12:58:44","modified_gmt":"2025-07-21T10:58:44","slug":"my-i-nasz-pensjonat-w-kilku-zdjeciach","status":"publish","type":"page","link":"https:\/\/artecasa.betteroption.eu\/?page_id=110","title":{"rendered":"My i nasz pensjonat w kilku zdj\u0119ciach"},"content":{"rendered":"\n<div class=\"wp-block-media-text is-stacked-on-mobile\"><figure class=\"wp-block-media-text__media\"><img loading=\"lazy\" decoding=\"async\" width=\"1024\" height=\"768\" src=\"https:\/\/artecasa.betteroption.eu\/wp-content\/uploads\/2025\/07\/488909845_2996439483864640_2609501501915981393_n-1024x768.jpg\" alt=\"\" class=\"wp-image-102 size-full\" srcset=\"https:\/\/artecasa.betteroption.eu\/wp-content\/uploads\/2025\/07\/488909845_2996439483864640_2609501501915981393_n-1024x768.jpg 1024w, https:\/\/artecasa.betteroption.eu\/wp-content\/uploads\/2025\/07\/488909845_2996439483864640_2609501501915981393_n-300x225.jpg 300w, https:\/\/artecasa.betteroption.eu\/wp-content\/uploads\/2025\/07\/488909845_2996439483864640_2609501501915981393_n-768x576.jpg 768w, https:\/\/artecasa.betteroption.eu\/wp-content\/uploads\/2025\/07\/488909845_2996439483864640_2609501501915981393_n-1536x1152.jpg 1536w, https:\/\/artecasa.betteroption.eu\/wp-content\/uploads\/2025\/07\/488909845_2996439483864640_2609501501915981393_n.jpg 2048w\" sizes=\"auto, (max-width: 1024px) 100vw, 1024px\" \/><\/figure><div class=\"wp-block-media-text__content\">\n<p>Monika<\/p>\n\n\n\n<p>Malarstwo, ogrodnictwo i motocykle <\/p>\n\n\n\n<p><\/p>\n<\/div><\/div>\n\n\n\n<div class=\"wp-block-media-text has-media-on-the-right is-stacked-on-mobile\"><div class=\"wp-block-media-text__content\">\n<p>Tomek<\/p>\n\n\n\n<p>Modelarstwo, motoryzacja i ogrodnictwo<\/p>\n<\/div><figure class=\"wp-block-media-text__media\"><img loading=\"lazy\" decoding=\"async\" width=\"1024\" height=\"768\" src=\"https:\/\/artecasa.betteroption.eu\/wp-content\/uploads\/2025\/07\/505497560_700780939363364_626445743393705025_n-1024x768.jpg\" alt=\"\" class=\"wp-image-111 size-full\" srcset=\"https:\/\/artecasa.betteroption.eu\/wp-content\/uploads\/2025\/07\/505497560_700780939363364_626445743393705025_n-1024x768.jpg 1024w, https:\/\/artecasa.betteroption.eu\/wp-content\/uploads\/2025\/07\/505497560_700780939363364_626445743393705025_n-300x225.jpg 300w, https:\/\/artecasa.betteroption.eu\/wp-content\/uploads\/2025\/07\/505497560_700780939363364_626445743393705025_n-768x576.jpg 768w, https:\/\/artecasa.betteroption.eu\/wp-content\/uploads\/2025\/07\/505497560_700780939363364_626445743393705025_n-1536x1152.jpg 1536w, https:\/\/artecasa.betteroption.eu\/wp-content\/uploads\/2025\/07\/505497560_700780939363364_626445743393705025_n.jpg 2048w\" sizes=\"auto, (max-width: 1024px) 100vw, 1024px\" \/><\/figure><\/div>\n\n\n\n<div class=\"wp-block-media-text is-stacked-on-mobile\"><figure class=\"wp-block-media-text__media\"><img loading=\"lazy\" decoding=\"async\" width=\"1024\" height=\"576\" src=\"https:\/\/artecasa.betteroption.eu\/wp-content\/uploads\/2025\/07\/2-1024x576.jpg\" alt=\"\" class=\"wp-image-79 size-full\" srcset=\"https:\/\/artecasa.betteroption.eu\/wp-content\/uploads\/2025\/07\/2-1024x576.jpg 1024w, https:\/\/artecasa.betteroption.eu\/wp-content\/uploads\/2025\/07\/2-300x169.jpg 300w, https:\/\/artecasa.betteroption.eu\/wp-content\/uploads\/2025\/07\/2-768x432.jpg 768w, https:\/\/artecasa.betteroption.eu\/wp-content\/uploads\/2025\/07\/2-620x349.jpg 620w, https:\/\/artecasa.betteroption.eu\/wp-content\/uploads\/2025\/07\/2-400x225.jpg 400w, https:\/\/artecasa.betteroption.eu\/wp-content\/uploads\/2025\/07\/2.jpg 1536w\" sizes=\"auto, (max-width: 1024px) 100vw, 1024px\" \/><\/figure><div class=\"wp-block-media-text__content\">\n<p>Widok naszego pensjonatu z lotu ptaka<\/p>\n<\/div><\/div>\n\n\n\n<div class=\"wp-block-media-text has-media-on-the-right is-stacked-on-mobile\"><div class=\"wp-block-media-text__content\">\n<p>Front naszego pensjonatu. To z tej strony znajduj\u0105 si\u0119 3 pokoje 2 osobowe wraz z balkonem<\/p>\n<\/div><figure class=\"wp-block-media-text__media\"><img loading=\"lazy\" decoding=\"async\" width=\"1024\" height=\"576\" src=\"https:\/\/artecasa.betteroption.eu\/wp-content\/uploads\/2025\/07\/4.jpg\" alt=\"\" class=\"wp-image-81 size-full\" srcset=\"https:\/\/artecasa.betteroption.eu\/wp-content\/uploads\/2025\/07\/4.jpg 1024w, https:\/\/artecasa.betteroption.eu\/wp-content\/uploads\/2025\/07\/4-300x169.jpg 300w, https:\/\/artecasa.betteroption.eu\/wp-content\/uploads\/2025\/07\/4-768x432.jpg 768w\" sizes=\"auto, (max-width: 1024px) 100vw, 1024px\" \/><\/figure><\/div>\n\n\n\n<div class=\"wp-block-media-text is-stacked-on-mobile\"><figure class=\"wp-block-media-text__media\"><img loading=\"lazy\" decoding=\"async\" width=\"1024\" height=\"576\" src=\"https:\/\/artecasa.betteroption.eu\/wp-content\/uploads\/2025\/07\/6.jpg\" alt=\"\" class=\"wp-image-83 size-full\" srcset=\"https:\/\/artecasa.betteroption.eu\/wp-content\/uploads\/2025\/07\/6.jpg 1024w, https:\/\/artecasa.betteroption.eu\/wp-content\/uploads\/2025\/07\/6-300x169.jpg 300w, https:\/\/artecasa.betteroption.eu\/wp-content\/uploads\/2025\/07\/6-768x432.jpg 768w\" sizes=\"auto, (max-width: 1024px) 100vw, 1024px\" \/><\/figure><div class=\"wp-block-media-text__content\">\n<p>Po\u0142udniowa cz\u0119\u015b\u0107 domu w kt\u00f3rej znajduj\u0105 si\u0119 dwa pokoje 4 osobowe<\/p>\n<\/div><\/div>\n\n\n\n<div class=\"wp-block-media-text has-media-on-the-right is-stacked-on-mobile\"><div class=\"wp-block-media-text__content\">\n<p class=\"has-text-align-right\">Ogr\u00f3d z lotu ptaka.<br>prawie 7000 m2 ogrodu do dyspozycji wraz z gajem oliwnym oraz drzewami owocowymi<\/p>\n<\/div><figure class=\"wp-block-media-text__media\"><img loading=\"lazy\" decoding=\"async\" width=\"1024\" height=\"576\" src=\"https:\/\/artecasa.betteroption.eu\/wp-content\/uploads\/2025\/07\/5-1024x576.jpg\" alt=\"\" class=\"wp-image-82 size-full\" srcset=\"https:\/\/artecasa.betteroption.eu\/wp-content\/uploads\/2025\/07\/5-1024x576.jpg 1024w, https:\/\/artecasa.betteroption.eu\/wp-content\/uploads\/2025\/07\/5-300x169.jpg 300w, https:\/\/artecasa.betteroption.eu\/wp-content\/uploads\/2025\/07\/5-768x432.jpg 768w, https:\/\/artecasa.betteroption.eu\/wp-content\/uploads\/2025\/07\/5-620x349.jpg 620w, https:\/\/artecasa.betteroption.eu\/wp-content\/uploads\/2025\/07\/5-400x225.jpg 400w, https:\/\/artecasa.betteroption.eu\/wp-content\/uploads\/2025\/07\/5.jpg 1536w\" sizes=\"auto, (max-width: 1024px) 100vw, 1024px\" \/><\/figure><\/div>\n\n\n\n<p class=\"has-text-align-center\"><br><\/p>\n\n\n\n<p class=\"has-text-align-center\">Wi\u0119cej informacji czym si\u0119 zajmujemy na co dzie\u0144 znajdziesz na <a href=\"http:\/\/betteroption.eu\" data-type=\"link\" data-id=\"betteroption.eu\">betteroption.eu<\/a><\/p>\n\n\n\n<p><\/p>\n","protected":false},"excerpt":{"rendered":"<p>Monika Malarstwo, ogrodnictwo i motocykle Tomek Modelarstwo, motoryzacja i ogrodnictwo Widok naszego pensjonatu z lotu ptaka Front naszego pensjonatu. To z tej strony znajduj\u0105 si\u0119 3 pokoje 2 osobowe wraz z balkonem Po\u0142udniowa cz\u0119\u015b\u0107 domu w kt\u00f3rej znajduj\u0105 si\u0119 dwa pokoje 4 osobowe Ogr\u00f3d z lotu ptaka.prawie 7000 m2 ogrodu do dyspozycji wraz z gajem [&hellip;]<\/p>\n","protected":false},"author":1,"featured_media":0,"parent":0,"menu_order":0,"comment_status":"closed","ping_status":"closed","template":"","meta":{"footnotes":""},"class_list":["post-110","page","type-page","status-publish","hentry"],"_links":{"self":[{"href":"https:\/\/artecasa.betteroption.eu\/index.php?rest_route=\/wp\/v2\/pages\/110","targetHints":{"allow":["GET"]}}],"collection":[{"href":"https:\/\/artecasa.betteroption.eu\/index.php?rest_route=\/wp\/v2\/pages"}],"about":[{"href":"https:\/\/artecasa.betteroption.eu\/index.php?rest_route=\/wp\/v2\/types\/page"}],"author":[{"embeddable":true,"href":"https:\/\/artecasa.betteroption.eu\/index.php?rest_route=\/wp\/v2\/users\/1"}],"replies":[{"embeddable":true,"href":"https:\/\/artecasa.betteroption.eu\/index.php?rest_route=%2Fwp%2Fv2%2Fcomments&post=110"}],"version-history":[{"count":2,"href":"https:\/\/artecasa.betteroption.eu\/index.php?rest_route=\/wp\/v2\/pages\/110\/revisions"}],"predecessor-version":[{"id":116,"href":"https:\/\/artecasa.betteroption.eu\/index.php?rest_route=\/wp\/v2\/pages\/110\/revisions\/116"}],"wp:attachment":[{"href":"https:\/\/artecasa.betteroption.eu\/index.php?rest_route=%2Fwp%2Fv2%2Fmedia&parent=110"}],"curies":[{"name":"wp","href":"https:\/\/api.w.org\/{rel}","templated":true}]}}